{"id":249,"date":"2017-05-14T14:28:39","date_gmt":"2017-05-14T11:28:39","guid":{"rendered":"http:\/\/burdayiz.heliohost.org\/?page_id=249"},"modified":"2017-05-17T07:42:36","modified_gmt":"2017-05-17T04:42:36","slug":"bu-site-ne-sunuyor","status":"publish","type":"page","link":"https:\/\/burdayiz.biz\/?page_id=249","title":{"rendered":"Amac\u0131m\u0131z?"},"content":{"rendered":"<p style=\"text-align: justify;\">Bu siteyi sizin i\u00e7in, hayallerinizde olanlar\u0131 yapmak i\u00e7in haz\u0131rl\u0131yoruz, b\u00f6ylece bu sayfalarda g\u00fczel foto\u011fraflar\u0131m\u0131zdan daha fazlas\u0131n\u0131 bulacaks\u0131n\u0131z. Size biraz ilham a\u015f\u0131lamay\u0131\u00a0ba\u015far\u0131rsak, amac\u0131m\u0131za ula\u015ft\u0131k demektir.<\/p>\n<p style=\"text-align: justify;\">Sitemizi ziyaret etti\u011finiz\u00a0i\u00e7in te\u015fekk\u00fcr ederiz!<\/p>\n","protected":false},"excerpt":{"rendered":"<p>Bu siteyi sizin i\u00e7in, hayallerinizde olanlar\u0131 yapmak i\u00e7in haz\u0131rl\u0131yoruz, b\u00f6ylece bu sayfalarda g\u00fczel foto\u011fraflar\u0131m\u0131zdan daha fazlas\u0131n\u0131 bulacaks\u0131n\u0131z. Size biraz ilham a\u015f\u0131lamay\u0131\u00a0ba\u015far\u0131rsak, amac\u0131m\u0131za ula\u015ft\u0131k demektir. Sitemizi ziyaret etti\u011finiz\u00a0i\u00e7in te\u015fekk\u00fcr ederiz!<\/p>\n","protected":false},"author":1,"featured_media":0,"parent":0,"menu_order":0,"comment_status":"closed","ping_status":"closed","template":"","meta":{"_monsterinsights_skip_tracking":false,"_monsterinsights_sitenote_active":false,"_monsterinsights_sitenote_note":"","_monsterinsights_sitenote_category":0,"footnotes":""},"class_list":["post-249","page","type-page","status-publish","hentry"],"aioseo_notices":[],"_links":{"self":[{"href":"https:\/\/burdayiz.biz\/index.php?rest_route=\/wp\/v2\/pages\/249","targetHints":{"allow":["GET"]}}],"collection":[{"href":"https:\/\/burdayiz.biz\/index.php?rest_route=\/wp\/v2\/pages"}],"about":[{"href":"https:\/\/burdayiz.biz\/index.php?rest_route=\/wp\/v2\/types\/page"}],"author":[{"embeddable":true,"href":"https:\/\/burdayiz.biz\/index.php?rest_route=\/wp\/v2\/users\/1"}],"replies":[{"embeddable":true,"href":"https:\/\/burdayiz.biz\/index.php?rest_route=%2Fwp%2Fv2%2Fcomments&post=249"}],"version-history":[{"count":3,"href":"https:\/\/burdayiz.biz\/index.php?rest_route=\/wp\/v2\/pages\/249\/revisions"}],"predecessor-version":[{"id":256,"href":"https:\/\/burdayiz.biz\/index.php?rest_route=\/wp\/v2\/pages\/249\/revisions\/256"}],"wp:attachment":[{"href":"https:\/\/burdayiz.biz\/index.php?rest_route=%2Fwp%2Fv2%2Fmedia&parent=249"}],"curies":[{"name":"wp","href":"https:\/\/api.w.org\/{rel}","templated":true}]}}