{"id":389,"date":"2017-05-16T15:43:42","date_gmt":"2017-05-16T12:43:42","guid":{"rendered":"http:\/\/burdayiz.heliohost.org\/?page_id=389"},"modified":"2017-05-17T07:50:40","modified_gmt":"2017-05-17T04:50:40","slug":"naos-world-travel-channel-bolumleri","status":"publish","type":"page","link":"https:\/\/burdayiz.biz\/?page_id=389","title":{"rendered":"NAOS &#8211; World Travel Channel b\u00f6l\u00fcmleri"},"content":{"rendered":"<div class=\"responsive-map\"><iframe loading=\"lazy\" src=\"https:\/\/drive.google.com\/file\/d\/0B8aw5WH1NPXEcVVYQThWLXkxUUU\/preview\" width=\"640\" height=\"480\"><\/iframe><\/div>\n<p><em><strong>NAOS \u0130\u011fneada\/K\u0131rklareli Gezisi 1. B\u00f6l\u00fcm<\/strong><\/em><\/p>\n<div class=\"responsive-map\"><iframe loading=\"lazy\" src=\"https:\/\/drive.google.com\/file\/d\/0B8aw5WH1NPXEblJQbnlwaDNqeWM\/preview\" width=\"640\" height=\"480\"><\/iframe><\/div>\n<p><em><strong>NAOS Yedig\u00f6ller\/Bolu Gezisi 2. B\u00f6l\u00fcm<\/strong><\/em><\/p>\n<div class=\"responsive-map\"><iframe loading=\"lazy\" src=\"https:\/\/drive.google.com\/file\/d\/0B8aw5WH1NPXEZGNTdmVtRkU0Qk0\/preview\" width=\"640\" height=\"480\"><\/iframe><\/div>\n<p><em><strong>NAOS Uluabat G\u00f6l\u00fc\/Bursa Gezisi 3. B\u00f6l\u00fcm<\/strong><\/em><\/p>\n<div class=\"responsive-map\"><iframe loading=\"lazy\" src=\"https:\/\/drive.google.com\/file\/d\/0B8aw5WH1NPXEWGVMdjFpa0lQd1k\/preview\" width=\"640\" height=\"480\"><\/iframe><\/div>\n<p><em><strong>NAOS Su U\u00e7tu \u015eelalesi ve Tirilye Beldesi\/Bursa Gezisi 4. B\u00f6l\u00fcm<\/strong><\/em><\/p>\n<div class=\"responsive-map\"><iframe loading=\"lazy\" src=\"https:\/\/drive.google.com\/file\/d\/0B8aw5WH1NPXERUgxZ0J1Z0tyRms\/preview\" width=\"640\" height=\"480\"><\/iframe><\/div>\n<p><em><strong>NAOS Olympus\/Antalya Gezisi 5.B\u00f6l\u00fcm<\/strong><\/em><\/p>\n<div class=\"responsive-map\"><iframe loading=\"lazy\" src=\"https:\/\/drive.google.com\/file\/d\/0B8aw5WH1NPXER05KR3dGMjR6WDA\/preview\" width=\"640\" height=\"480\"><\/iframe><\/div>\n<p><em><strong>NAOS Bey\u015fehir\/Konya Gezisi 6.B\u00f6l\u00fcm<\/strong><\/em><\/p>\n<div class=\"responsive-map\"><iframe loading=\"lazy\" src=\"https:\/\/drive.google.com\/file\/d\/0B8aw5WH1NPXEREFJeHdPYUNCUEU\/preview\" width=\"640\" height=\"480\"><\/iframe><\/div>\n<p><em><strong>NAOS Ulup\u0131nar,\u00c7\u0131ral\u0131,Adrasan\/Antalya Gezisi 7.B\u00f6l\u00fcm<\/strong><\/em><\/p>\n<div class=\"responsive-map\"><iframe loading=\"lazy\" src=\"https:\/\/drive.google.com\/file\/d\/0B8aw5WH1NPXEYVA0ZzZubThyQkk\/preview\" width=\"640\" height=\"480\"><\/iframe><\/div>\n<p><em><strong>NAOS Sapanca G\u00f6l\u00fc,Kartepe\/Sakarya Gezisi 8. B\u00f6l\u00fcm<\/strong><\/em><\/p>\n<div class=\"responsive-map\"><iframe loading=\"lazy\" src=\"https:\/\/drive.google.com\/file\/d\/0B8aw5WH1NPXEQWtXUzhDb2tWdFk\/preview\" width=\"640\" height=\"480\"><\/iframe><\/div>\n<p><em><strong>NAOS Milas\/Mu\u011fla Gezisi 9.B\u00f6l\u00fcm<\/strong><\/em><\/p>\n<div class=\"responsive-map\"><iframe loading=\"lazy\" src=\"https:\/\/drive.google.com\/file\/d\/0B8aw5WH1NPXEUkJfMXVmZG9oaDQ\/preview\" width=\"640\" height=\"480\"><\/iframe><\/div>\n<p><em><strong>NAOS Mudurnu\/Bolu Gezisi 10.B\u00f6l\u00fcm<\/strong><\/em><\/p>\n<div class=\"responsive-map\"><iframe loading=\"lazy\" src=\"https:\/\/drive.google.com\/file\/d\/0B8aw5WH1NPXEb3lwMEpyNXI0Qmc\/preview\" width=\"640\" height=\"480\"><\/iframe><\/div>\n<p><em><strong>NAOS \u0130znik\/Bursa Gezisi 11. B\u00f6l\u00fcm<\/strong><\/em><\/p>\n<div class=\"responsive-map\"><iframe loading=\"lazy\" src=\"https:\/\/drive.google.com\/file\/d\/0B8aw5WH1NPXEZXNTd1h1bkNoX00\/preview\" width=\"640\" height=\"480\"><\/iframe><\/div>\n<p><em><strong>NAOS Seferihisar\/\u0130zmir Gezisi 12.B\u00f6l\u00fcm<\/strong><\/em><\/p>\n<div class=\"responsive-map\"><iframe loading=\"lazy\" src=\"https:\/\/drive.google.com\/file\/d\/0B8aw5WH1NPXEYzJIdFVrYkFLUlE\/preview\" width=\"640\" height=\"480\"><\/iframe><\/div>\n<p><em><strong>NAOS Adatepe K\u00f6y\u00fc,K\u00fc\u00e7\u00fckkuyu\/\u00c7anakkale Gezisi 13.B\u00f6l\u00fcm<\/strong><\/em><\/p>\n<div class=\"responsive-map\"><iframe loading=\"lazy\" src=\"https:\/\/drive.google.com\/file\/d\/0B8aw5WH1NPXELUdJOXJaS1hpVEE\/preview\" width=\"640\" height=\"480\"><\/iframe><\/div>\n<p><em><strong>NAOS Pa\u015fak\u00f6y,Bergama\/izmir Gezisi 14.B\u00f6l\u00fcm<\/strong><\/em><\/p>\n<div class=\"responsive-map\"><iframe loading=\"lazy\" src=\"https:\/\/drive.google.com\/file\/d\/0B8aw5WH1NPXEZzliQjRtdkFISzA\/preview\" width=\"640\" height=\"480\"><\/iframe><\/div>\n<p><em><strong>NAOS G\u00f6lc\u00fck G\u00f6l\u00fc,Birgi-\u00d6demi\u015f\/\u0130zmir Gezisi 15.B\u00f6l\u00fcm<\/strong><\/em><\/p>\n<div class=\"responsive-map\"><iframe loading=\"lazy\" src=\"https:\/\/drive.google.com\/file\/d\/0B8aw5WH1NPXEU0VxSDdFVUVMMVk\/preview\" width=\"640\" height=\"480\"><\/iframe><\/div>\n<p><em><strong>NAOS Salihli\/Manisa Gezisi 16.B\u00f6l\u00fcm<\/strong><\/em><\/p>\n<div class=\"responsive-map\"><iframe loading=\"lazy\" src=\"https:\/\/drive.google.com\/file\/d\/0B8aw5WH1NPXESmZQRFZZMDhvejQ\/preview\" width=\"640\" height=\"480\"><\/iframe><\/div>\n<p><em><strong>NAOS Ihlara Vadisi\/Aksaray Gezisi 17.B\u00f6l\u00fcm<\/strong><\/em><\/p>\n<div class=\"responsive-map\"><iframe loading=\"lazy\" src=\"https:\/\/drive.google.com\/file\/d\/0B8aw5WH1NPXEMmdvLUExUjhDNEk\/preview\" width=\"640\" height=\"480\"><\/iframe><\/div>\n<p><em><strong>NAOS Aksaray Gezisi 18.B\u00f6l\u00fcm<\/strong><\/em><\/p>\n<div class=\"responsive-map\"><iframe loading=\"lazy\" src=\"https:\/\/drive.google.com\/file\/d\/0B8aw5WH1NPXEZVVGdlJyb1ltZTA\/preview\" width=\"640\" height=\"480\"><\/iframe><\/div>\n<p><em><strong>NAOS Hattu\u015fa\/\u00c7orum Gezisi 19. B\u00f6l\u00fcm<\/strong><\/em><\/p>\n<div class=\"responsive-map\"><iframe loading=\"lazy\" src=\"https:\/\/drive.google.com\/file\/d\/0B8aw5WH1NPXELUx1WDVXVWkxN2M\/preview\" width=\"640\" height=\"480\"><\/iframe><\/div>\n<p><em><strong>NAOS \u0130skilip ve \u00c7orum Gezisi 20. B\u00f6l\u00fcm<\/strong><\/em><\/p>\n<div class=\"responsive-map\"><iframe loading=\"lazy\" src=\"https:\/\/drive.google.com\/file\/d\/0B8aw5WH1NPXEZVZtcl9INkdHalE\/preview\" width=\"640\" height=\"480\"><\/iframe><\/div>\n<p><em><strong>NAOS D\u00fczce Gezisi 21. B\u00f6l\u00fcm<\/strong><\/em><\/p>\n<div class=\"responsive-map\"><iframe loading=\"lazy\" src=\"https:\/\/drive.google.com\/file\/d\/0B8aw5WH1NPXEVXczZmtXQnBkQWM\/preview\" width=\"640\" height=\"480\"><\/iframe><\/div>\n<p><em><strong>NAOS Karadeniz Ere\u011fli\/Zonguldak Gezisi 22. B\u00f6l\u00fcm<\/strong><\/em><\/p>\n<div class=\"responsive-map\"><iframe loading=\"lazy\" src=\"https:\/\/drive.google.com\/file\/d\/0B8aw5WH1NPXEblJiY0hGNnIyVm8\/preview\" width=\"640\" height=\"480\"><\/iframe><\/div>\n<p><em><strong>NAOS Karadeniz Ere\u011fli\/Zonguldak Gezisi 23. B\u00f6l\u00fcm<\/strong><\/em><\/p>\n<div class=\"responsive-map\"><iframe loading=\"lazy\" src=\"https:\/\/drive.google.com\/file\/d\/0B8aw5WH1NPXEQVdEQzdFM0lPWUk\/preview\" width=\"640\" height=\"480\"><\/iframe><\/div>\n<p><em><strong>NAOS Ak\u00e7akoca\/D\u00fczce Gezisi 24. B\u00f6l\u00fcm<\/strong><\/em><\/p>\n<div class=\"responsive-map\"><iframe loading=\"lazy\" src=\"https:\/\/drive.google.com\/file\/d\/0B8aw5WH1NPXEODF4SEI3T214Z1k\/preview\" width=\"640\" height=\"480\"><\/iframe><\/div>\n<p><em><strong>NAOS D\u00fczce Gezisi 25. B\u00f6l\u00fcm<\/strong><\/em><\/p>\n<div class=\"responsive-map\"><iframe loading=\"lazy\" src=\"https:\/\/drive.google.com\/file\/d\/0B8aw5WH1NPXEQWJpSTZGdy16SHc\/preview\" width=\"640\" height=\"480\"><\/iframe><\/div>\n<p><em><strong>NAOS Amsterdam\/Hollanda Gezisi 26. B\u00f6l\u00fcm<\/strong><\/em><\/p>\n<div class=\"responsive-map\"><iframe loading=\"lazy\" src=\"https:\/\/drive.google.com\/file\/d\/0B8aw5WH1NPXERHo0Zk1LZTZpZzQ\/preview\" width=\"640\" height=\"480\"><\/iframe><\/div>\n<p><em><strong>NAOS Belgrad\/S\u0131rbistan Gezisi 27. B\u00f6l\u00fcm<\/strong><\/em><\/p>\n<div class=\"responsive-map\"><iframe loading=\"lazy\" src=\"https:\/\/drive.google.com\/file\/d\/0B8aw5WH1NPXEbmRuTHJMNFNQbEU\/preview\" width=\"640\" height=\"480\"><\/iframe><\/div>\n<p><em><strong>NAOS Karlof\u00e7a\/S\u0131rbistan Gezisi 28. B\u00f6l\u00fcm<\/strong><\/em><\/p>\n<div class=\"responsive-map\"><iframe loading=\"lazy\" src=\"https:\/\/drive.google.com\/file\/d\/0B8aw5WH1NPXEeDVicGRFckpZN28\/preview\" width=\"640\" height=\"480\"><\/iframe><\/div>\n<p><em><strong>NAOS K\u00fctahya Gezisi 29. B\u00f6l\u00fcm<\/strong><\/em><\/p>\n<div class=\"responsive-map\"><iframe loading=\"lazy\" src=\"https:\/\/drive.google.com\/file\/d\/0B8aw5WH1NPXENkotMHlYd3BSSG8\/preview\" width=\"640\" height=\"480\"><\/iframe><\/div>\n<p><em><strong>NAOS Afyon Gezisi 30. B\u00f6l\u00fcm<\/strong><\/em><\/p>\n<div class=\"responsive-map\"><iframe loading=\"lazy\" src=\"https:\/\/drive.google.com\/file\/d\/0B8aw5WH1NPXEbTJLSUEtSG9XdWM\/preview\" width=\"640\" height=\"480\"><\/iframe><\/div>\n<p><em><strong>NAOS Titreyen G\u00f6l\/Antalya Gezisi 31. B\u00f6l\u00fcm<\/strong><\/em><\/p>\n<div class=\"responsive-map\"><iframe loading=\"lazy\" src=\"https:\/\/drive.google.com\/file\/d\/0B8aw5WH1NPXEUVZHNEgyenZnR1U\/preview\" width=\"640\" height=\"480\"><\/iframe><\/div>\n<p><em><strong>NAOS \u015eark\u00f6y\/Tekirda\u011f Gezisi 32. B\u00f6l\u00fcm<\/strong><\/em><\/p>\n<div class=\"responsive-map\"><iframe loading=\"lazy\" src=\"https:\/\/drive.google.com\/file\/d\/0B8aw5WH1NPXEY0hIVkk1Q3dmOTQ\/preview\" width=\"640\" height=\"480\"><\/iframe><\/div>\n<p><em><strong>NAOS Kefken\/Kocaeli Gezisi 33. B\u00f6l\u00fcm<\/strong><\/em><\/p>\n<div class=\"responsive-map\"><iframe loading=\"lazy\" src=\"https:\/\/drive.google.com\/file\/d\/0B8aw5WH1NPXEZWlDaWtSRlV0eE0\/preview\" width=\"640\" height=\"480\"><\/iframe><\/div>\n<p><em><strong>NAOS &#8220;\u00c7anakkale Ge\u00e7ilmez&#8221; 100. Y\u0131l \u00d6zel B\u00f6l\u00fcm<\/strong><\/em><\/p>\n<div class=\"responsive-map\"><iframe loading=\"lazy\" src=\"https:\/\/drive.google.com\/file\/d\/0B8aw5WH1NPXEOE1vdTB0R2lWY1U\/preview\" width=\"640\" height=\"480\"><\/iframe><\/div>\n<p><em><strong>NAOS &#8220;\u00c7anakkale Ge\u00e7ilmez&#8221; 100. Y\u0131l \u00d6zel B\u00f6l\u00fcm (2. B\u00f6l\u00fcm)<\/strong><\/em><\/p>\n<div class=\"responsive-map\"><iframe loading=\"lazy\" src=\"https:\/\/drive.google.com\/file\/d\/0B8aw5WH1NPXEZlROWl9zUElxalk\/preview\" width=\"640\" height=\"480\"><\/iframe><\/div>\n<p><em><strong>NAOS G\u00fcney Kore 36. B\u00f6l\u00fcm<\/strong><\/em><\/p>\n<div class=\"responsive-map\"><iframe loading=\"lazy\" src=\"https:\/\/drive.google.com\/file\/d\/0B8aw5WH1NPXEUS14X3dlWmJ4UVE\/preview\" width=\"640\" height=\"480\"><\/iframe><\/div>\n<p><em><strong>NAOS &#8211; \u015eile &#8211; 37. B\u00f6l\u00fcm<\/strong><\/em><\/p>\n<div class=\"responsive-map\"><iframe loading=\"lazy\" src=\"https:\/\/drive.google.com\/file\/d\/0B8aw5WH1NPXELXRFSG01WTZRaTg\/preview\" width=\"640\" height=\"480\"><\/iframe><\/div>\n<p><em><strong>NAOS &#8211; Bodrum- 38. B\u00f6l\u00fcm<\/strong><\/em><\/p>\n<div class=\"responsive-map\"><iframe loading=\"lazy\" src=\"https:\/\/drive.google.com\/file\/d\/0B8aw5WH1NPXEU01Yd1l2eE5oUUE\/preview\" width=\"640\" height=\"480\"><\/iframe><\/div>\n<p><em><strong>NAOS &#8211; Safranbolu &#8211; 39. B\u00f6l\u00fcm<\/strong><\/em><\/p>\n<div class=\"responsive-map\"><iframe loading=\"lazy\" src=\"https:\/\/drive.google.com\/file\/d\/0B8aw5WH1NPXENjl4OTY5ejBsaDA\/preview\" width=\"640\" height=\"480\"><\/iframe><\/div>\n<p><em><strong>NAOS &#8211; Kars &#8211; 40. B\u00f6l\u00fcm<\/strong><\/em><\/p>\n<div class=\"responsive-map\"><iframe loading=\"lazy\" src=\"https:\/\/drive.google.com\/file\/d\/0B8aw5WH1NPXEbGNYaThzRWVfaGM\/preview\" width=\"640\" height=\"480\"><\/iframe><\/div>\n<p><em><strong>NAOS &#8211; Kars 2 &#8211; 41. B\u00f6l\u00fcm<\/strong><\/em><\/p>\n<div class=\"responsive-map\"><iframe loading=\"lazy\" src=\"https:\/\/drive.google.com\/file\/d\/0B8aw5WH1NPXEeHd2c3NxTkVuMUE\/preview\" width=\"640\" height=\"480\"><\/iframe><\/div>\n<p><em><strong>NAOS -Adana &#8211; 42. B\u00f6l\u00fcm<\/strong><\/em><\/p>\n<div class=\"responsive-map\"><iframe loading=\"lazy\" src=\"https:\/\/drive.google.com\/file\/d\/0B8aw5WH1NPXEMkJkVVVsU1diR2M\/preview\" width=\"640\" height=\"480\"><\/iframe><\/div>\n<p><em><strong>NAOS &#8211; Zonguldak Eregli- 43. B\u00f6l\u00fcm<\/strong><\/em><\/p>\n<div class=\"responsive-map\"><iframe loading=\"lazy\" src=\"https:\/\/drive.google.com\/file\/d\/0B8aw5WH1NPXETkZ0SF84aHpUVWc\/preview\" width=\"640\" height=\"480\"><\/iframe><\/div>\n<p><em><strong>NAOS &#8211; \u0130zmir &#8211; 44. B\u00f6l\u00fcm<\/strong><\/em><\/p>\n<div class=\"responsive-map\"><iframe loading=\"lazy\" src=\"https:\/\/drive.google.com\/file\/d\/0B8aw5WH1NPXEVHdHaG15dFR1eGc\/preview\" width=\"640\" height=\"480\"><\/iframe><\/div>\n<p><em><strong>NAOS &#8211; Mauritus 1- 45. B\u00f6l\u00fcm<\/strong><\/em><\/p>\n<div class=\"responsive-map\"><iframe loading=\"lazy\" src=\"https:\/\/drive.google.com\/file\/d\/0B8aw5WH1NPXEZG1SV0hlTm5lb0k\/preview\" width=\"640\" height=\"480\"><\/iframe><\/div>\n<p><em><strong>NAOS &#8211; Mauritus 2 &#8211; 46. B\u00f6l\u00fcm<\/strong><\/em><\/p>\n<div class=\"responsive-map\"><iframe loading=\"lazy\" src=\"https:\/\/drive.google.com\/file\/d\/0B8aw5WH1NPXEZkZKd21CeW5wc00\/preview\" width=\"640\" height=\"480\"><\/iframe><\/div>\n<p><em><strong>NAOS &#8211; Diyarbak\u0131r &#8211; 47. B\u00f6l\u00fcm<\/strong><\/em><\/p>\n<div class=\"responsive-map\"><iframe loading=\"lazy\" src=\"https:\/\/drive.google.com\/file\/d\/0B8aw5WH1NPXENmRpUFFyR21xOVk\/preview\" width=\"640\" height=\"480\"><\/iframe><\/div>\n<p><em><strong>NAOS &#8211; Akabe &#8211; 48. B\u00f6l\u00fcm<\/strong><\/em><\/p>\n<div class=\"responsive-map\"><iframe loading=\"lazy\" src=\"https:\/\/drive.google.com\/file\/d\/0B8aw5WH1NPXELTZIa0FkYVY3RzA\/preview\" width=\"640\" height=\"480\"><\/iframe><\/div>\n<p><em><strong>NAOS &#8211; Adana &#8211; 49. B\u00f6l\u00fcm<\/strong><\/em><\/p>\n<div class=\"responsive-map\"><iframe loading=\"lazy\" src=\"https:\/\/drive.google.com\/file\/d\/0B8aw5WH1NPXEVWh2MHoxQW9XX3c\/preview\" width=\"640\" height=\"480\"><\/iframe><\/div>\n<p><em><strong>NAOS &#8211; Marmaris &#8211; 50. B\u00f6l\u00fcm<\/strong><\/em><\/p>\n<div class=\"responsive-map\"><iframe loading=\"lazy\" src=\"https:\/\/drive.google.com\/file\/d\/0B8aw5WH1NPXEdkl0aFdrTHZpbUk\/preview\" width=\"640\" height=\"480\"><\/iframe><\/div>\n<p><em><strong>NAOS &#8211; Kapadokya (1. B\u00f6l\u00fcm) &#8211; 51. B\u00f6l\u00fcm<\/strong><\/em><\/p>\n<div class=\"responsive-map\"><iframe loading=\"lazy\" src=\"https:\/\/drive.google.com\/file\/d\/0B8aw5WH1NPXEaWxJUWFOaHRTUzg\/preview\" width=\"640\" height=\"480\"><\/iframe><\/div>\n<p><em><strong>NAOS &#8211; Kapadokya (2. B\u00f6l\u00fcm) &#8211; 52. B\u00f6l\u00fcm<\/strong><\/em><\/p>\n","protected":false},"excerpt":{"rendered":"<p>NAOS \u0130\u011fneada\/K\u0131rklareli Gezisi 1. B\u00f6l\u00fcm NAOS Yedig\u00f6ller\/Bolu Gezisi 2. B\u00f6l\u00fcm NAOS Uluabat G\u00f6l\u00fc\/Bursa Gezisi 3. B\u00f6l\u00fcm NAOS Su U\u00e7tu \u015eelalesi ve Tirilye Beldesi\/Bursa Gezisi 4. B\u00f6l\u00fcm NAOS Olympus\/Antalya Gezisi 5.B\u00f6l\u00fcm NAOS Bey\u015fehir\/Konya Gezisi 6.B\u00f6l\u00fcm NAOS Ulup\u0131nar,\u00c7\u0131ral\u0131,Adrasan\/Antalya Gezisi 7.B\u00f6l\u00fcm NAOS Sapanca G\u00f6l\u00fc,Kartepe\/Sakarya Gezisi 8. B\u00f6l\u00fcm NAOS Milas\/Mu\u011fla Gezisi 9.B\u00f6l\u00fcm NAOS Mudurnu\/Bolu Gezisi 10.B\u00f6l\u00fcm NAOS \u0130znik\/Bursa Gezisi [&hellip;]<\/p>\n","protected":false},"author":1,"featured_media":0,"parent":0,"menu_order":0,"comment_status":"closed","ping_status":"closed","template":"","meta":{"_monsterinsights_skip_tracking":false,"_monsterinsights_sitenote_active":false,"_monsterinsights_sitenote_note":"","_monsterinsights_sitenote_category":0,"footnotes":""},"class_list":["post-389","page","type-page","status-publish","hentry"],"aioseo_notices":[],"_links":{"self":[{"href":"https:\/\/burdayiz.biz\/index.php?rest_route=\/wp\/v2\/pages\/389","targetHints":{"allow":["GET"]}}],"collection":[{"href":"https:\/\/burdayiz.biz\/index.php?rest_route=\/wp\/v2\/pages"}],"about":[{"href":"https:\/\/burdayiz.biz\/index.php?rest_route=\/wp\/v2\/types\/page"}],"author":[{"embeddable":true,"href":"https:\/\/burdayiz.biz\/index.php?rest_route=\/wp\/v2\/users\/1"}],"replies":[{"embeddable":true,"href":"https:\/\/burdayiz.biz\/index.php?rest_route=%2Fwp%2Fv2%2Fcomments&post=389"}],"version-history":[{"count":22,"href":"https:\/\/burdayiz.biz\/index.php?rest_route=\/wp\/v2\/pages\/389\/revisions"}],"predecessor-version":[{"id":426,"href":"https:\/\/burdayiz.biz\/index.php?rest_route=\/wp\/v2\/pages\/389\/revisions\/426"}],"wp:attachment":[{"href":"https:\/\/burdayiz.biz\/index.php?rest_route=%2Fwp%2Fv2%2Fmedia&parent=389"}],"curies":[{"name":"wp","href":"https:\/\/api.w.org\/{rel}","templated":true}]}}