{"id":638,"date":"2017-06-28T14:48:54","date_gmt":"2017-06-28T11:48:54","guid":{"rendered":"http:\/\/www.burdayiz.biz\/?page_id=638"},"modified":"2017-07-06T09:37:07","modified_gmt":"2017-07-06T06:37:07","slug":"kimdir-aslihan-kanmaz","status":"publish","type":"page","link":"https:\/\/burdayiz.biz\/?page_id=638","title":{"rendered":"Kimdir Aslihan Kanmaz?"},"content":{"rendered":"<p style=\"text-align: center;\"><img loading=\"lazy\" decoding=\"async\" class=\"alignnone size-medium wp-image-641\" src=\"http:\/\/www.burdayiz.biz\/wp-content\/uploads\/2017\/06\/kucukaslihan-201x300.jpg\" alt=\"\" width=\"201\" height=\"300\" \/><\/p>\n<p style=\"text-align: justify;\">Bir 23 \u015eubat sabah\u0131 09:10\u2019da Bak\u0131rk\u00f6y\u2019de g\u00f6zlerimi d\u00fcnyaya a\u00e7t\u0131m. Belki de delilik o ilk ci\u011ferlerime \u00e7ekti\u011fim havayla kan\u0131ma girdi. Gezmeyi seven bir \u00e7iftin ilk \u00e7ocu\u011fu olma \u015fans\u0131yla ilk gezilerime araba arka koltu\u011funa \u00f6zenle yerle\u015ftirilen pusetimde ba\u015flad\u0131m. Pek az bebe\u011fe k\u0131smet olmu\u015ftur gecenin bir vakti uykusunda Bak\u0131rk\u00f6y\u2019den \u00c7aml\u0131ca\u2019ya \u00e7ay i\u00e7meye gitmek.<\/p>\n<p style=\"text-align: justify;\">Pek \u00e7ok ailede oldu\u011fu gibi \u00f6zellikle ilk \u00e7ocuk ve de ilk torun olarak benim de g\u00f6bek ba\u011f\u0131m bir y\u00fcksekokul dam\u0131na at\u0131lmak \u00fczere yola \u00e7\u0131km\u0131\u015f. \u00c7o\u011fu zaman yolda bir yerlerde d\u00fc\u015f\u00fcr\u00fcld\u00fc\u011f\u00fcn\u00fc d\u00fc\u015f\u00fcnsem de, bu varsay\u0131m\u0131m bir t\u00fcrl\u00fc nokta koyamad\u0131\u011f\u0131m e\u011fitim ser\u00fcvenimle \u00e7\u00fcr\u00fc\u011fe \u00e7\u0131k\u0131yor.<\/p>\n<p style=\"text-align: justify;\">Y\u00fcksek tavanl\u0131 koridorlar\u0131 rahibe kokan, kat\u0131 disiplinli Frans\u0131z okullar\u0131ndaki ortaokul ve lise y\u0131llar\u0131ndan sonra \u0130stanbul \u00dcniversitesi Edebiyat Fak\u00fcltesi\u2019nde filizlenen Frans\u0131z dili ve edebiyat\u0131 ilgim bu dilin e\u011fitimine ili\u015fkin y\u00fcksek lisans ve doktora \u00e7al\u0131\u015fmalar\u0131yla giderek artt\u0131. Ve tabi t\u00fcm bu akademik geli\u015fim s\u00fcrecinde pusette tohumlar\u0131 at\u0131lan gezme hobim de nadasta kalmad\u0131. \u00c7al\u0131\u015fan bir anne baban\u0131n \u00e7ocu\u011fu olmama kar\u015f\u0131n bizim i\u00e7in en k\u0131sa tatiller bile yola \u00e7\u0131kmak i\u00e7in bir f\u0131rsatt\u0131. Bayram, bizim i\u00e7in tatil demekti. Babam\u0131n ald\u0131\u011f\u0131 kapal\u0131 kasal\u0131 minib\u00fcsle 4 n\u00fcfuslu ailemiz Ege ve Akdeniz\u2019in dokunulmad\u0131k k\u00f6\u015fesi kalmay\u0131ncaya dek gezdik. Minib\u00fcs\u00fcm\u00fcz\u00fcn arkas\u0131nda yatak ve buz kovas\u0131 gibi yolculu\u011fumuzu keyiflendirecek ucuz detaylar vard\u0131. B\u00f6ylelikle ho\u015fumuza giden el de\u011fmemi\u015f bir koyda konaklayabiliyor ya da sabah g\u00f6z\u00fcm\u00fcz\u00fc a\u00e7t\u0131\u011f\u0131m\u0131zda kendimizi yeni rotalara yol al\u0131rken bulabiliyorduk.<\/p>\n<p style=\"text-align: justify;\">\u0130\u015fte bu geziler s\u0131ras\u0131nda \u00f6\u011frendim derede di\u015f f\u0131r\u00e7alamay\u0131, yol kenar\u0131ndaki bir yalakta sa\u00e7 y\u0131kamay\u0131 ve buz kovas\u0131ndaki domates, peynirle bir \u00e7am orman\u0131 i\u00e7inde ya da bir deniz k\u0131y\u0131s\u0131nda kahvalt\u0131 yapman\u0131n anlat\u0131lamaz keyfini. Denizden, y\u00fczmek d\u0131\u015f\u0131nda domates salatal\u0131k y\u0131kay\u0131p, karpuz, kavun so\u011futmak i\u00e7in de yararlan\u0131labildi\u011fini o d\u00f6nemlerde ke\u015ffettim. Kimsenin olmad\u0131\u011f\u0131 bir koyda g\u00fcne\u015fin kavurucu s\u0131ca\u011f\u0131yla uyan\u0131p do\u011fruca denize atlaman\u0131n paha bi\u00e7ilmezli\u011fini bilen \u015fansl\u0131 az\u0131nl\u0131ktan\u0131m anlayaca\u011f\u0131n\u0131z.<\/p>\n<p style=\"text-align: justify;\">Aileden gelen gezme ars\u0131zl\u0131\u011f\u0131 hayat\u0131ma giren yeni yol arkada\u015f\u0131mla daha da bast\u0131r\u0131lamaz bir hal ald\u0131. Hayat yolculu\u011fundaki birlikteli\u011fimizi yollara ta\u015f\u0131y\u0131p birlikte pek \u00e7ok deneyim edindik. Bu s\u00fcre\u00e7te de hi\u00e7bir okulda \u00f6\u011frenemeyece\u011fimiz bilgi ve kazan\u0131mlar biriktirdik. Hayat\u0131m\u0131za yeni bir pencere a\u00e7an 2 teker tutkusuyla gezi alg\u0131m\u0131z ve hayata bak\u0131\u015f a\u00e7\u0131m\u0131z da de\u011fi\u015fti. Art\u0131k rotam\u0131zda genellikle insandan uzak, do\u011fayla ba\u015f ba\u015fa kalaca\u011f\u0131m\u0131z yerler vard\u0131. \u00c7ad\u0131rda uyuman\u0131n s\u00f6z\u00fcn\u00fc bile ettirmeyen ben, y\u0131ld\u0131zlar\u0131n alt\u0131nda kurba\u011falar\u0131n senfonisiyle uyuyup, ku\u015f c\u0131v\u0131lt\u0131lar\u0131yla uyanmay\u0131 \u00f6ylesine benimsemi\u015ftim ki Amazon\u2019un balta girmemi\u015f vah\u015fi do\u011fas\u0131nda hamakta uyumaktan, sabah gorillerin homurtusuyla uyanmaktan, piranalarla birlikte y\u00fczmekten ve tuvaletin duvar\u0131nda g\u00f6z g\u00f6ze geldi\u011fim koca tarantulan\u0131n k\u0131ll\u0131 ayaklar\u0131n\u0131 yak\u0131ndan incelemekten keyif al\u0131yordum. Ve t\u00fcm bu ya\u015fad\u0131klar\u0131m hayat\u0131ma tarif edilemez de\u011ferler katarken, ufkuma da sonsuz bir perspektif a\u00e7\u0131yordu.<\/p>\n<p style=\"text-align: justify;\">45 \u00fclke, \u00e7\u00f6ller, kanyonlar, buzullar, kutuplar sonras\u0131nda gezmek, ke\u015ffetmek art\u0131k bir hobi olmaktan \u00e7ok bir ya\u015fam bi\u00e7imine d\u00f6n\u00fc\u015ft\u00fc. D\u00fcnya \u00e7ok b\u00fcy\u00fck, \u00f6m\u00fcr ise \u00e7ok k\u00fc\u00e7\u00fckt\u00fc. Ya pek \u00e7o\u011fumuzun yapt\u0131\u011f\u0131 gibi \u00f6teleyerek ve d\u00fc\u015fleyerek rutinime devam edecektim ya da hayat i\u00e7in k\u00fc\u00e7\u00fck ama kendim i\u00e7in b\u00fcy\u00fck bir mola verecektim. Akademik geli\u015fimime ve mesleki ya\u015fant\u0131ma yapt\u0131\u011f\u0131m bunca yat\u0131r\u0131m\u0131 bir kenara b\u0131rak\u0131p, ard\u0131ma bakmadan yola \u00e7\u0131kmak hi\u00e7 de kolay bir karar de\u011fildi elbet. Ancak yolda\u015f\u0131m bu konuda her ne olursa olsun yelkeni a\u00e7m\u0131\u015ft\u0131 \u00e7oktan. Ya onun pe\u015fine tak\u0131l\u0131p pusulaya art\u0131k biraz da kendim y\u00f6n verecektim, ya da beyaz yakal\u0131 ya\u015fant\u0131mda diplomalar\u0131mla mutlu olmaya devam edecektim. Keyifle s\u00fcrd\u00fcrd\u00fc\u011f\u00fcm mesle\u011fime belirsiz bir s\u00fcreli\u011fine nokta koymaya ve yeni bir paragrafa ba\u015flamakta karar k\u0131ld\u0131m. Yani bundan b\u00f6yle sabahlar\u0131 saat alarm\u0131yla uyanmayacak, bir yerlerlere yeti\u015fmeyecek, olabildi\u011fince \u00e7ok hayata dokunmaya \u00e7al\u0131\u015faca\u011f\u0131m. Bu s\u00fcre\u00e7te kimi zaman d\u00fc\u015flerinizi ger\u00e7ekle\u015ftirecek, kimi zamansa akl\u0131n\u0131za bile gelmeyecek g\u00fc\u00e7l\u00fcklerle sava\u015faca\u011f\u0131m. Bildi\u011fim tek \u015fey ise her ne olursa olsun \u00e7ok ama \u00e7ok mutlu olaca\u011f\u0131m. Az e\u015fya, \u00e7ok bilinmez, yal\u0131n bir hayat. Buna kar\u015f\u0131n bol macera, bol foto\u011fraf ve olabildi\u011fince bol payla\u015f\u0131m.<\/p>\n<p style=\"text-align: justify;\">Pek \u00e7o\u011funuz \u015fu anda i\u00e7 ge\u00e7irirken d\u00fc\u015flerimi ve d\u00fc\u015flerinizi ger\u00e7ekle\u015ftirece\u011fim yol hikayelerimde pe\u015fimde olman\u0131z dile\u011fiyle.<\/p>\n<p style=\"text-align: justify;\">Dr. Asl\u0131han KANMAZ<\/p>\n","protected":false},"excerpt":{"rendered":"<p>Bir 23 \u015eubat sabah\u0131 09:10\u2019da Bak\u0131rk\u00f6y\u2019de g\u00f6zlerimi d\u00fcnyaya a\u00e7t\u0131m. Belki de delilik o ilk ci\u011ferlerime \u00e7ekti\u011fim havayla kan\u0131ma girdi. Gezmeyi seven bir \u00e7iftin ilk \u00e7ocu\u011fu olma \u015fans\u0131yla ilk gezilerime araba arka koltu\u011funa \u00f6zenle yerle\u015ftirilen pusetimde ba\u015flad\u0131m. Pek az bebe\u011fe k\u0131smet olmu\u015ftur gecenin bir vakti uykusunda Bak\u0131rk\u00f6y\u2019den \u00c7aml\u0131ca\u2019ya \u00e7ay i\u00e7meye gitmek. Pek \u00e7ok ailede oldu\u011fu gibi [&hellip;]<\/p>\n","protected":false},"author":1,"featured_media":0,"parent":0,"menu_order":0,"comment_status":"open","ping_status":"closed","template":"","meta":{"_monsterinsights_skip_tracking":false,"_monsterinsights_sitenote_active":false,"_monsterinsights_sitenote_note":"","_monsterinsights_sitenote_category":0,"footnotes":""},"class_list":["post-638","page","type-page","status-publish","hentry"],"aioseo_notices":[],"_links":{"self":[{"href":"https:\/\/burdayiz.biz\/index.php?rest_route=\/wp\/v2\/pages\/638","targetHints":{"allow":["GET"]}}],"collection":[{"href":"https:\/\/burdayiz.biz\/index.php?rest_route=\/wp\/v2\/pages"}],"about":[{"href":"https:\/\/burdayiz.biz\/index.php?rest_route=\/wp\/v2\/types\/page"}],"author":[{"embeddable":true,"href":"https:\/\/burdayiz.biz\/index.php?rest_route=\/wp\/v2\/users\/1"}],"replies":[{"embeddable":true,"href":"https:\/\/burdayiz.biz\/index.php?rest_route=%2Fwp%2Fv2%2Fcomments&post=638"}],"version-history":[{"count":3,"href":"https:\/\/burdayiz.biz\/index.php?rest_route=\/wp\/v2\/pages\/638\/revisions"}],"predecessor-version":[{"id":642,"href":"https:\/\/burdayiz.biz\/index.php?rest_route=\/wp\/v2\/pages\/638\/revisions\/642"}],"wp:attachment":[{"href":"https:\/\/burdayiz.biz\/index.php?rest_route=%2Fwp%2Fv2%2Fmedia&parent=638"}],"curies":[{"name":"wp","href":"https:\/\/api.w.org\/{rel}","templated":true}]}}